{"id":3837,"date":"2022-01-25T17:51:13","date_gmt":"2022-01-25T16:51:13","guid":{"rendered":"https:\/\/livum.es\/termes-i-condicions\/"},"modified":"2026-05-14T12:41:24","modified_gmt":"2026-05-14T10:41:24","slug":"termes-i-condicions","status":"publish","type":"page","link":"https:\/\/livum.es\/ca\/termes-i-condicions\/","title":{"rendered":"Termes i condicions"},"content":{"rendered":"\t\t<div data-elementor-type=\"wp-page\" data-elementor-id=\"3837\" class=\"elementor elementor-3837 elementor-2449\" data-elementor-post-type=\"page\">\n\t\t\t\t\t\t<section class=\"elementor-section elementor-top-section elementor-element elementor-element-c239de9 elementor-section-boxed elementor-section-height-default elementor-section-height-default\" data-id=\"c239de9\" data-element_type=\"section\" data-e-type=\"section\" data-settings=\"{&quot;jet_parallax_layout_list&quot;:[{&quot;jet_parallax_layout_image&quot;:{&quot;url&quot;:&quot;&quot;,&quot;id&quot;:&quot;&quot;,&quot;size&quot;:&quot;&quot;},&quot;_id&quot;:&quot;e0d5f11&quot;,&quot;jet_parallax_layout_image_laptop&quot;:{&quot;url&quot;:&quot;&quot;,&quot;id&quot;:&quot;&quot;,&quot;size&quot;:&quot;&quot;},&quot;jet_parallax_layout_image_tablet&quot;:{&quot;url&quot;:&quot;&quot;,&quot;id&quot;:&quot;&quot;,&quot;size&quot;:&quot;&quot;},&quot;jet_parallax_layout_image_mobile&quot;:{&quot;url&quot;:&quot;&quot;,&quot;id&quot;:&quot;&quot;,&quot;size&quot;:&quot;&quot;},&quot;jet_parallax_layout_speed&quot;:{&quot;unit&quot;:&quot;%&quot;,&quot;size&quot;:50,&quot;sizes&quot;:[]},&quot;jet_parallax_layout_type&quot;:&quot;scroll&quot;,&quot;jet_parallax_layout_direction&quot;:&quot;1&quot;,&quot;jet_parallax_layout_fx_direction&quot;:null,&quot;jet_parallax_layout_z_index&quot;:&quot;&quot;,&quot;jet_parallax_layout_bg_x&quot;:50,&quot;jet_parallax_layout_bg_x_laptop&quot;:&quot;&quot;,&quot;jet_parallax_layout_bg_x_tablet&quot;:&quot;&quot;,&quot;jet_parallax_layout_bg_x_mobile&quot;:&quot;&quot;,&quot;jet_parallax_layout_bg_y&quot;:50,&quot;jet_parallax_layout_bg_y_laptop&quot;:&quot;&quot;,&quot;jet_parallax_layout_bg_y_tablet&quot;:&quot;&quot;,&quot;jet_parallax_layout_bg_y_mobile&quot;:&quot;&quot;,&quot;jet_parallax_layout_bg_size&quot;:&quot;auto&quot;,&quot;jet_parallax_layout_bg_size_laptop&quot;:&quot;&quot;,&quot;jet_parallax_layout_bg_size_tablet&quot;:&quot;&quot;,&quot;jet_parallax_layout_bg_size_mobile&quot;:&quot;&quot;,&quot;jet_parallax_layout_animation_prop&quot;:&quot;transform&quot;,&quot;jet_parallax_layout_on&quot;:[&quot;desktop&quot;,&quot;tablet&quot;]}],&quot;background_background&quot;:&quot;classic&quot;}\">\n\t\t\t\t\t\t<div class=\"elementor-container elementor-column-gap-default\">\n\t\t\t\t\t<div class=\"elementor-column elementor-col-100 elementor-top-column elementor-element elementor-element-ac3b1cc\" data-id=\"ac3b1cc\" data-element_type=\"column\" data-e-type=\"column\">\n\t\t\t<div class=\"elementor-widget-wrap elementor-element-populated\">\n\t\t\t\t\t\t\t<\/div>\n\t\t<\/div>\n\t\t\t\t\t<\/div>\n\t\t<\/section>\n\t\t\t\t<section class=\"elementor-section elementor-top-section elementor-element elementor-element-87857d5 elementor-section-boxed elementor-section-height-default elementor-section-height-default\" data-id=\"87857d5\" data-element_type=\"section\" data-e-type=\"section\" data-settings=\"{&quot;jet_parallax_layout_list&quot;:[{&quot;_id&quot;:&quot;a6e1694&quot;,&quot;jet_parallax_layout_image&quot;:{&quot;url&quot;:&quot;&quot;,&quot;id&quot;:&quot;&quot;,&quot;size&quot;:&quot;&quot;},&quot;jet_parallax_layout_image_laptop&quot;:{&quot;url&quot;:&quot;&quot;,&quot;id&quot;:&quot;&quot;,&quot;size&quot;:&quot;&quot;},&quot;jet_parallax_layout_image_tablet&quot;:{&quot;url&quot;:&quot;&quot;,&quot;id&quot;:&quot;&quot;,&quot;size&quot;:&quot;&quot;},&quot;jet_parallax_layout_image_mobile&quot;:{&quot;url&quot;:&quot;&quot;,&quot;id&quot;:&quot;&quot;,&quot;size&quot;:&quot;&quot;},&quot;jet_parallax_layout_speed&quot;:{&quot;unit&quot;:&quot;%&quot;,&quot;size&quot;:50,&quot;sizes&quot;:[]},&quot;jet_parallax_layout_type&quot;:&quot;scroll&quot;,&quot;jet_parallax_layout_direction&quot;:&quot;1&quot;,&quot;jet_parallax_layout_fx_direction&quot;:null,&quot;jet_parallax_layout_z_index&quot;:&quot;&quot;,&quot;jet_parallax_layout_bg_x&quot;:50,&quot;jet_parallax_layout_bg_x_laptop&quot;:&quot;&quot;,&quot;jet_parallax_layout_bg_x_tablet&quot;:&quot;&quot;,&quot;jet_parallax_layout_bg_x_mobile&quot;:&quot;&quot;,&quot;jet_parallax_layout_bg_y&quot;:50,&quot;jet_parallax_layout_bg_y_laptop&quot;:&quot;&quot;,&quot;jet_parallax_layout_bg_y_tablet&quot;:&quot;&quot;,&quot;jet_parallax_layout_bg_y_mobile&quot;:&quot;&quot;,&quot;jet_parallax_layout_bg_size&quot;:&quot;auto&quot;,&quot;jet_parallax_layout_bg_size_laptop&quot;:&quot;&quot;,&quot;jet_parallax_layout_bg_size_tablet&quot;:&quot;&quot;,&quot;jet_parallax_layout_bg_size_mobile&quot;:&quot;&quot;,&quot;jet_parallax_layout_animation_prop&quot;:&quot;transform&quot;,&quot;jet_parallax_layout_on&quot;:[&quot;desktop&quot;,&quot;tablet&quot;]}]}\">\n\t\t\t\t\t\t<div class=\"elementor-container elementor-column-gap-default\">\n\t\t\t\t\t<div class=\"elementor-column elementor-col-100 elementor-top-column elementor-element elementor-element-33e4ce4\" data-id=\"33e4ce4\" data-element_type=\"column\" data-e-type=\"column\">\n\t\t\t<div class=\"elementor-widget-wrap elementor-element-populated\">\n\t\t\t\t\t\t<div class=\"elementor-element elementor-element-5b41810 elementor-widget elementor-widget-text-editor\" data-id=\"5b41810\" data-element_type=\"widget\" data-e-type=\"widget\" data-widget_type=\"text-editor.default\">\n\t\t\t\t<div class=\"elementor-widget-container\">\n\t\t\t\t\t\t\t\t\t<p><strong>TERMES I CONDICIONS GENERALS DE LES COMANDES REALITZADES PER INTERNET<br \/>\n<\/strong><\/p>\n<p>Ens agradaria que et familiaritzessis amb els termes i condicions generals (T i C) que s\u2019exposen a continuaci\u00f3, els quals estableixen les condicions de tramitaci\u00f3 i organitzaci\u00f3 de les compres. La p\u00e0gina web www.livum.es posa a la venda \u00abserveis de Som Legals\u00bb. A aquest efecte:<\/p>\n<p><strong>FORMALITZACI\u00d3 DEL CONTRACTE I LLIURAMENT DE SERVEIS<\/strong><\/p>\n<p>Per a les comandes en l\u00ednia realitzades a www.livum.es, celebrem contractes en espanyol i en catal\u00e0. Quan fas una comanda de serveis de Som Legals el teu contracte se celebra amb el senyor Rub\u00e9n D\u00edaz D\u00edaz, Registre d\u2019Agents Immobiliaris de Catalunya (AICAT) n\u00fam. 10721 i NIF 45638618V, administrador de la marca comercial registrada a l\u2019Oficina Espanyola de Patents i Marques \u201cSom Legals\u201d, amb domicili al c\/ Aribau, 161 baixos, C.P. 08036 de Barcelona (Barcelona).<\/p>\n<p>En fer clic a \u00abComprar\u00bb est\u00e0s realitzant una comanda vinculant dels serveis que apareixen a la teva cistella. Un cop hagis em\u00e8s la teva comanda, t\u2019enviarem immediatament un correu electr\u00f2nic amb la confirmaci\u00f3 de la mateixa. El contracte vinculant es formalitza en el moment del pagament del servei. Els lliuraments es fan a Espanya. Els terminis de lliurament estan expressats en hores o dies feiners, s\u2019entendr\u00e0 per dies feiners cada dia entre dilluns i divendres, ambd\u00f3s inclosos, per\u00f2 no els festius ni els caps de setmana.<\/p>\n<p><strong>RESERVA DE LLOGUER<\/strong><\/p>\n<p>L\u2019USUARI\/A, previ a reservar un immoble, declara con\u00e8ixer les condicions generals del contracte d\u2019arrendament de l\u2019immoble que reservar\u00e0 aix\u00ed com les despeses derivades de la intermediaci\u00f3 immobili\u00e0ria. En cas de contractes d\u2019arrendament d\u2019habitatge habitual ser\u00e0 l\u2019arrendador\/a qui es far\u00e0 c\u00e0rrec de les despeses d\u2019intermediaci\u00f3 immobili\u00e0ria.<\/p>\n<p>L\u00b4USUARI\/A accepta l\u2019estat actual de l\u2019immoble, fins i tot en aquells casos en qu\u00e8 no s\u2019hagi produ\u00eft una visita presencial i l\u00b4USUARI\/A hagi verificat l\u2019estat de l\u2019immoble mitjan\u00e7ant fotografies, v\u00eddeos o Tour Virtual 3D. La reserva mai no quedar\u00e0 condicionada a una posterior visita presencial de verificaci\u00f3 a l\u2019immoble per part de l\u2019USUARI\/A.<\/p>\n<p>La reserva quedar\u00e0 sempre supeditada a l\u2019 <strong>aprovaci\u00f3 de l\u2019estudi de la solv\u00e8ncia <\/strong>per part de l\u2019arrendador\/a o de la immobili\u00e0ria.<\/p>\n<p>Un cop realitzat el pagament de la reserva, contactarem amb l\u2019USUARI\/A en un termini m\u00e0xim de 24 hores (un dia laborable) i us sol\u00b7licitarem la documentaci\u00f3 necess\u00e0ria per a l\u2019estudi de solv\u00e8ncia (es podr\u00e0 enviar per email o whatsapp).<\/p>\n<p>La documentaci\u00f3 sol\u00b7licitada per a l\u2019estudi de solv\u00e8ncia s\u2019haur\u00e0 d\u2019enviar en un termini m\u00e0xim de 48 hores (dos dies laborables) a comptar de la data i hora en que l\u2019USUARI\/A rep la sol\u00b7licitud amb la documentaci\u00f3 necess\u00e0ria per a l\u2019estudi. En cas que l\u2019USUARI\/A no envi\u00ef tota la documentaci\u00f3 sol\u00b7licitada en el termini estipulat,\u00a0<strong>perdr\u00e0 la totalitat de la quantitat lliurada com a reserva.<\/strong>.<\/p>\n<p>Un cop rebuda tota la documentaci\u00f3 sol\u00b7licitada, farem l\u2019estudi de solv\u00e8ncia i donarem a l\u2019USUARI\/A una resposta definitiva en un termini m\u00e0xim de 48 hores (dos dies laborables).<\/p>\n<p>Si l\u2019estudi fos favorable, redactarem el contracte d\u2019arrendament en un termini m\u00e0xim de 48 hores (dos dies laborables) per a la seva signatura. Un cop signat, estarem en disposici\u00f3 de lliurar les claus de l\u2019immoble segons la disponibilitat de cada propietat.<\/p>\n<p>Si l\u2019estudi result\u00e9s desfavorable o l\u2019arrendador \/ immobili\u00e0ria consider\u00e9s deficit\u00e0ria o insuficient la prova de solv\u00e8ncia aportada tornarem a l\u2019USUARI\/A la totalitat de l\u2019import abonat per la reserva de forma immediata, deixant sense cap efecte la reserva.<\/p>\n<p>En cas que l\u2019USUARI\/A no comparegu\u00e9s en la data de signatura o amb anterioritat per a la signatura del contracte d\u2019arrendament, o comparegu\u00e9s i no el sign\u00e9s,\u00a0<strong>perdr\u00e0 la totalitat de la quantitat lliurada com a reserva<\/strong>. En cas de signatura digital certificada, el termini m\u00e0xim per signar el contracte ser\u00e0 de 48 hores (dos dies laborables) comptadors des del moment en qu\u00e8 es posi a la disposici\u00f3 de l\u2019USUARI\/A la signatura digital. En cas de no signar el contracte d\u2019arrendament en el termini estipulat, l\u2019USUARI\/A\u00a0<strong>perdr\u00e0 la totalitat de la quantitat lliurada com a reserva.<\/strong>.<\/p>\n<p>L\u2019import abonat en concepte de reserva \u00e9s un import \u201ca compte\u201d, quedar\u00e0 en dip\u00f2sit a la immobili\u00e0ria fins a la formalitzaci\u00f3 del contracte i ser\u00e0 dedu\u00eft per la immobili\u00e0ria dels honoraris corresponents a la intermediaci\u00f3, o si no, de qualsevol altre import a lliurar per l\u2019USUARI\/A, tenint en compte les casu\u00edstiques anteriors.<\/p>\n<p>La RESERVA d\u2019immobles\u00a0<strong>NO permet el dret de desistiment<\/strong>. Nom\u00e9s en cas que obtinguem un estudi econ\u00f2mic desfavorable es tornar\u00e0 la totalitat de la quantitat lliurada com a reserva (vegeu par\u00e0graf 8).<\/p>\n<p><strong>PREUS<\/strong><\/p>\n<p>S\u00f3n aplicables els preus establerts als productes en la data en qu\u00e8 es realitza la comanda. Els preus establerts s\u00f3n els preus finals (total), \u00e9s a dir, inclouen l\u2019impost sobre el valor afegit (IVA) a Espanya al tipus impositiu legal aplicable. Fins que es faci el pagament total del preu de compra, el producte o servei continuar\u00e0 sent de la nostra propietat.<\/p>\n<p><strong>REEMBORSAMENTS<\/strong><\/p>\n<p>El reemborsament s\u2019efectua al compte utilitzat per al pagament. Per a pagaments a compte o pagaments per avan\u00e7at mitjan\u00e7ant transfer\u00e8ncia, el reemborsament ser\u00e0 enviat al compte des del qual es va fer el pagament. Si pagues mitjan\u00e7ant targeta de cr\u00e8dit, el reemborsament ser\u00e0 realitzat al compte associat a la teva targeta de cr\u00e8dit.<\/p>\n<p><b>DRET DE DESISTIMENT<\/b><\/p>\n<p>Tens el dret a desistir del present contracte sense necessitat de cap justificaci\u00f3 en un termini de 14 dies <strong>tret que el servei hagi estat completament executat<\/strong>, segons indica la legislaci\u00f3 vigent. En els casos on hi hagi un despla\u00e7ament dun t\u00e8cnic, sentendr\u00e0 com a servei completament executat quan el t\u00e8cnic hagi iniciat el despla\u00e7ament per a lexecuci\u00f3 del servei. Si el servei s\u2019ha iniciat per\u00f2 no s\u2019ha executat completament, l\u2019USUARI\/A <strong>abonar\u00e0 el 50% de l\u2019import<\/strong> del servei. El dret de desistiment\u00a0<strong>NO \u00e9s aplicable a la reserva de lloguer d\u2019immobles<\/strong>.<\/p>\n<p>El termini de desistiment expirar\u00e0 als 14 dies del dia que tu o tercer que indiquis, diferent del transportista, adquireixi la possessi\u00f3 material de l\u2019\u00faltim d\u2019aquests productes. Per exercir el dret de desistiment ens ho haur\u00e0s de notificar a nom de \u201cBotiga Som Legals\u201d, amb adre\u00e7a postal al c\/ Aribau, 161 baixos, C.P. 08036 de Barcelona (Barcelona), o per correu electr\u00f2nic info@somoslegales.es, la decisi\u00f3 de desistir del contracte mitjan\u00e7ant una declaraci\u00f3 inequ\u00edvoca (per exemple, una carta enviada per correu postal o correu electr\u00f2nic). Tamb\u00e9 pots emplenar i presentar el formulari de desistiment o una altra declaraci\u00f3 inequ\u00edvoca en l\u00ednia mitjan\u00e7ant el formulari de contacte de la nostra p\u00e0gina web. Si la comunicaci\u00f3 de desistiment la presentes online, t\u2019enviarem un justificant de recepci\u00f3 sense demora indeguda. (ex. correu electr\u00f2nic). Per complir el termini de desistiment, nom\u00e9s cal que la comunicaci\u00f3 relativa a l\u2019exercici del dret de desistiment sigui enviada abans que venci el termini de desistiment.<\/p>\n<p>En cas de desistiment per part teva, procedirem a reemborsar-te els pagaments que hagis efectuat, sense cap demora indeguda i, en tot cas, dins dels 14 dies a partir de la data en qu\u00e8 haguem estat informats de la teva decisi\u00f3 de desistir del present contracte. El reemborsament es far\u00e0 utilitzant el mateix mitj\u00e0 de pagament que hagis fet servir per a la transacci\u00f3 inicial, llevat que s\u2019hagi acordat expressament el contrari. No et cobrarem cap despesa com a conseq\u00fc\u00e8ncia del reemborsament.<\/p>\n<p><strong>FORMULARI DE DESISTIMENT<\/strong><\/p>\n<p>Si desitges desistir del contracte, pots emplenar i enviar-nos el present formulari:<\/p>\n<p>A l\u2019atenci\u00f3 de \u201cBotiga Som Legals\u201d, amb adre\u00e7a postal al c\/ Aribau, 161 baixos, C.P. 08036 de Barcelona (Barcelona), o al correu electr\u00f2nic: info@livum.es.<\/p>\n<p>Per la present us comunic que desisteixo del meu contracte de compravenda del seg\u00fcent producte o servei:<\/p>\n<p>\u2013 N\u00famero de comanda<br \/>\u2013 Nom del consumidor<br \/>\u2013 Direcci\u00f3 del consumidor<br \/>\u2013 Data<br \/>\u2013 Signatura<\/p>\n<p><strong>ATENCI\u00d3 AL CLIENT<\/strong><\/p>\n<p>Per a qualsevol pregunta, consulta la nostra secci\u00f3 d\u2019ajuda o contacta amb nosaltres. Aix\u00ed mateix, us informem que la Comissi\u00f3 Europea disposa d\u2019una plataforma online per solucionar controv\u00e8rsies legals, i que es troba disponible a la seg\u00fcent adre\u00e7a <a href=\"https:\/\/ec.europa.eu\/consumers\/odr\/\" target=\"_blank\" rel=\"noopener\">https:\/\/ec.europa.eu\/consumers\/odr\/<\/a>.<\/p>\n<p><strong>INFORMACI\u00d3 ADDICIONAL<br \/>\n<\/strong><\/p>\n<p>Els presents T i C es poden consultar a www.livum.es. Aix\u00ed mateix, podeu imprimir o desar aquest document seleccionant les ordres habituals al vostre navegador (normalment Fitxer -&gt; Desa com). Tamb\u00e9 pots arxivar de forma senzilla la teva informaci\u00f3 de comanda descarregant els T i C i utilitzant les ordres adequades al navegador per guardar el resum de comanda que apareix a l\u2019\u00faltima p\u00e0gina del proc\u00e9s de comanda de la botiga en l\u00ednia.<\/p>\n<p>Darrera actualitzaci\u00f3: 7 gener 2026<\/p>\n\t\t\t\t\t\t\t\t<\/div>\n\t\t\t\t<\/div>\n\t\t\t\t\t<\/div>\n\t\t<\/div>\n\t\t\t\t\t<\/div>\n\t\t<\/section>\n\t\t\t\t<\/div>\n\t\t","protected":false},"excerpt":{"rendered":"<p>TERMES I CONDICIONS GENERALS DE LES COMANDES REALITZADES PER INTERNET Ens agradaria que et familiaritzessis amb els termes i condicions generals (T i C) que s\u2019exposen a continuaci\u00f3, els quals estableixen les condicions de tramitaci\u00f3 i organitzaci\u00f3 de les compres. La p\u00e0gina web www.livum.es posa a la venda \u00abserveis de Som Legals\u00bb. A aquest efecte: [&hellip;]<\/p>\n","protected":false},"author":1,"featured_media":0,"parent":0,"menu_order":0,"comment_status":"closed","ping_status":"closed","template":"","meta":{"footnotes":""},"class_list":["post-3837","page","type-page","status-publish","hentry"],"yoast_head":"<!-- This site is optimized with the Yoast SEO plugin v27.4 - https:\/\/yoast.com\/product\/yoast-seo-wordpress\/ -->\n<title>Termes i condicions - Livum<\/title>\n<meta name=\"robots\" content=\"noindex, nofollow\" \/>\n<meta property=\"og:locale\" content=\"ca_ES\" \/>\n<meta property=\"og:type\" content=\"article\" \/>\n<meta property=\"og:title\" content=\"Termes i condicions - Livum\" \/>\n<meta property=\"og:description\" content=\"TERMES I CONDICIONS GENERALS DE LES COMANDES REALITZADES PER INTERNET Ens agradaria que et familiaritzessis amb els termes i condicions generals (T i C) que s\u2019exposen a continuaci\u00f3, els quals estableixen les condicions de tramitaci\u00f3 i organitzaci\u00f3 de les compres. La p\u00e0gina web www.livum.es posa a la venda \u00abserveis de Som Legals\u00bb. A aquest efecte: [&hellip;]\" \/>\n<meta property=\"og:url\" content=\"https:\/\/livum.es\/terminos-y-condiciones\/\" \/>\n<meta property=\"og:site_name\" content=\"Livum\" \/>\n<meta property=\"article:modified_time\" content=\"2026-05-14T10:41:24+00:00\" \/>\n<meta name=\"twitter:card\" content=\"summary_large_image\" \/>\n<meta name=\"twitter:label1\" content=\"Temps estimat de lectura\" \/>\n\t<meta name=\"twitter:data1\" content=\"8 minuts\" \/>\n<script type=\"application\/ld+json\" class=\"yoast-schema-graph\">{\"@context\":\"https:\\\/\\\/schema.org\",\"@graph\":[{\"@type\":\"WebPage\",\"@id\":\"https:\\\/\\\/livum.es\\\/terminos-y-condiciones\\\/\",\"url\":\"https:\\\/\\\/livum.es\\\/terminos-y-condiciones\\\/\",\"name\":\"Termes i condicions - Livum\",\"isPartOf\":{\"@id\":\"https:\\\/\\\/livum.es\\\/#website\"},\"datePublished\":\"2022-01-25T16:51:13+00:00\",\"dateModified\":\"2026-05-14T10:41:24+00:00\",\"breadcrumb\":{\"@id\":\"https:\\\/\\\/livum.es\\\/terminos-y-condiciones\\\/#breadcrumb\"},\"inLanguage\":\"ca\",\"potentialAction\":[{\"@type\":\"ReadAction\",\"target\":[\"https:\\\/\\\/livum.es\\\/terminos-y-condiciones\\\/\"]}]},{\"@type\":\"BreadcrumbList\",\"@id\":\"https:\\\/\\\/livum.es\\\/terminos-y-condiciones\\\/#breadcrumb\",\"itemListElement\":[{\"@type\":\"ListItem\",\"position\":1,\"name\":\"Portada\",\"item\":\"https:\\\/\\\/livum.es\\\/\"},{\"@type\":\"ListItem\",\"position\":2,\"name\":\"Termes i condicions\"}]},{\"@type\":\"WebSite\",\"@id\":\"https:\\\/\\\/livum.es\\\/#website\",\"url\":\"https:\\\/\\\/livum.es\\\/\",\"name\":\"Livum\",\"description\":\"Tu inmobiliaria en Barcelona\",\"publisher\":{\"@id\":\"https:\\\/\\\/livum.es\\\/#organization\"},\"potentialAction\":[{\"@type\":\"SearchAction\",\"target\":{\"@type\":\"EntryPoint\",\"urlTemplate\":\"https:\\\/\\\/livum.es\\\/?s={search_term_string}\"},\"query-input\":{\"@type\":\"PropertyValueSpecification\",\"valueRequired\":true,\"valueName\":\"search_term_string\"}}],\"inLanguage\":\"ca\"},{\"@type\":\"Organization\",\"@id\":\"https:\\\/\\\/livum.es\\\/#organization\",\"name\":\"Livum\",\"url\":\"https:\\\/\\\/livum.es\\\/\",\"logo\":{\"@type\":\"ImageObject\",\"inLanguage\":\"ca\",\"@id\":\"https:\\\/\\\/livum.es\\\/#\\\/schema\\\/logo\\\/image\\\/\",\"url\":\"https:\\\/\\\/livum.es\\\/wp-content\\\/uploads\\\/2021\\\/03\\\/livum-real-state.jpg\",\"contentUrl\":\"https:\\\/\\\/livum.es\\\/wp-content\\\/uploads\\\/2021\\\/03\\\/livum-real-state.jpg\",\"width\":586,\"height\":142,\"caption\":\"Livum\"},\"image\":{\"@id\":\"https:\\\/\\\/livum.es\\\/#\\\/schema\\\/logo\\\/image\\\/\"}}]}<\/script>\n<!-- \/ Yoast SEO plugin. -->","yoast_head_json":{"title":"Termes i condicions - Livum","robots":{"index":"noindex","follow":"nofollow"},"og_locale":"ca_ES","og_type":"article","og_title":"Termes i condicions - Livum","og_description":"TERMES I CONDICIONS GENERALS DE LES COMANDES REALITZADES PER INTERNET Ens agradaria que et familiaritzessis amb els termes i condicions generals (T i C) que s\u2019exposen a continuaci\u00f3, els quals estableixen les condicions de tramitaci\u00f3 i organitzaci\u00f3 de les compres. La p\u00e0gina web www.livum.es posa a la venda \u00abserveis de Som Legals\u00bb. A aquest efecte: [&hellip;]","og_url":"https:\/\/livum.es\/terminos-y-condiciones\/","og_site_name":"Livum","article_modified_time":"2026-05-14T10:41:24+00:00","twitter_card":"summary_large_image","twitter_misc":{"Temps estimat de lectura":"8 minuts"},"schema":{"@context":"https:\/\/schema.org","@graph":[{"@type":"WebPage","@id":"https:\/\/livum.es\/terminos-y-condiciones\/","url":"https:\/\/livum.es\/terminos-y-condiciones\/","name":"Termes i condicions - Livum","isPartOf":{"@id":"https:\/\/livum.es\/#website"},"datePublished":"2022-01-25T16:51:13+00:00","dateModified":"2026-05-14T10:41:24+00:00","breadcrumb":{"@id":"https:\/\/livum.es\/terminos-y-condiciones\/#breadcrumb"},"inLanguage":"ca","potentialAction":[{"@type":"ReadAction","target":["https:\/\/livum.es\/terminos-y-condiciones\/"]}]},{"@type":"BreadcrumbList","@id":"https:\/\/livum.es\/terminos-y-condiciones\/#breadcrumb","itemListElement":[{"@type":"ListItem","position":1,"name":"Portada","item":"https:\/\/livum.es\/"},{"@type":"ListItem","position":2,"name":"Termes i condicions"}]},{"@type":"WebSite","@id":"https:\/\/livum.es\/#website","url":"https:\/\/livum.es\/","name":"Livum","description":"Tu inmobiliaria en Barcelona","publisher":{"@id":"https:\/\/livum.es\/#organization"},"potentialAction":[{"@type":"SearchAction","target":{"@type":"EntryPoint","urlTemplate":"https:\/\/livum.es\/?s={search_term_string}"},"query-input":{"@type":"PropertyValueSpecification","valueRequired":true,"valueName":"search_term_string"}}],"inLanguage":"ca"},{"@type":"Organization","@id":"https:\/\/livum.es\/#organization","name":"Livum","url":"https:\/\/livum.es\/","logo":{"@type":"ImageObject","inLanguage":"ca","@id":"https:\/\/livum.es\/#\/schema\/logo\/image\/","url":"https:\/\/livum.es\/wp-content\/uploads\/2021\/03\/livum-real-state.jpg","contentUrl":"https:\/\/livum.es\/wp-content\/uploads\/2021\/03\/livum-real-state.jpg","width":586,"height":142,"caption":"Livum"},"image":{"@id":"https:\/\/livum.es\/#\/schema\/logo\/image\/"}}]}},"_links":{"self":[{"href":"https:\/\/livum.es\/ca\/wp-json\/wp\/v2\/pages\/3837","targetHints":{"allow":["GET"]}}],"collection":[{"href":"https:\/\/livum.es\/ca\/wp-json\/wp\/v2\/pages"}],"about":[{"href":"https:\/\/livum.es\/ca\/wp-json\/wp\/v2\/types\/page"}],"author":[{"embeddable":true,"href":"https:\/\/livum.es\/ca\/wp-json\/wp\/v2\/users\/1"}],"replies":[{"embeddable":true,"href":"https:\/\/livum.es\/ca\/wp-json\/wp\/v2\/comments?post=3837"}],"version-history":[{"count":49,"href":"https:\/\/livum.es\/ca\/wp-json\/wp\/v2\/pages\/3837\/revisions"}],"predecessor-version":[{"id":9447,"href":"https:\/\/livum.es\/ca\/wp-json\/wp\/v2\/pages\/3837\/revisions\/9447"}],"wp:attachment":[{"href":"https:\/\/livum.es\/ca\/wp-json\/wp\/v2\/media?parent=3837"}],"curies":[{"name":"wp","href":"https:\/\/api.w.org\/{rel}","templated":true}]}}