{"id":3868,"date":"2021-08-31T09:19:07","date_gmt":"2021-08-31T09:19:07","guid":{"rendered":"https:\/\/livum.es\/servicio\/desnonaments\/"},"modified":"2024-11-15T20:03:34","modified_gmt":"2024-11-15T19:03:34","slug":"desnonaments","status":"publish","type":"product","link":"https:\/\/livum.es\/ca\/servei\/desnonaments\/","title":{"rendered":"Desnonaments"},"content":{"rendered":"","protected":false},"excerpt":{"rendered":"<p>El teu llogater ha deixat de pagar-te i es nega a lliurar-te les claus? Si no saps qu\u00e8 fer per recuperar la possessi\u00f3 del teu immoble posa&#8217;t a les nostres mans i t&#8217;ajudarem amb tots els tr\u00e0mits relatius al desnonament perqu\u00e8 puguis tornar a disposar de la teva propietat.<\/p>\n","protected":false},"featured_media":8768,"template":"","meta":[],"product_brand":[],"product_cat":[105],"product_tag":[104],"class_list":{"0":"post-3868","1":"product","2":"type-product","3":"status-publish","4":"has-post-thumbnail","6":"product_cat-sense-categoritzar","7":"product_tag-informacio","9":"first","10":"instock","11":"taxable","12":"shipping-taxable","13":"product-type-simple"},"yoast_head":"<!-- This site is optimized with the Yoast SEO plugin v27.4 - https:\/\/yoast.com\/product\/yoast-seo-wordpress\/ -->\n<title>Desnonaments - Livum<\/title>\n<meta name=\"description\" content=\"Si no saps qu\u00e8 fer per recuperar la possessi\u00f3 del teu immoble posa&#039;t a les nostres mans i t&#039;ajudarem amb el desnonament.\" \/>\n<meta name=\"robots\" content=\"noindex, follow, max-snippet:-1, max-image-preview:large, max-video-preview:-1\" \/>\n<meta property=\"og:locale\" content=\"ca_ES\" \/>\n<meta property=\"og:type\" content=\"article\" \/>\n<meta property=\"og:title\" content=\"Desnonaments - Livum\" \/>\n<meta property=\"og:description\" content=\"Si no saps qu\u00e8 fer per recuperar la possessi\u00f3 del teu immoble posa&#039;t a les nostres mans i t&#039;ajudarem amb el desnonament.\" \/>\n<meta property=\"og:url\" content=\"https:\/\/livum.es\/ca\/servei\/desnonaments\/\" \/>\n<meta property=\"og:site_name\" content=\"Livum\" \/>\n<meta property=\"article:modified_time\" content=\"2024-11-15T19:03:34+00:00\" \/>\n<meta property=\"og:image\" content=\"https:\/\/livum.es\/wp-content\/uploads\/2021\/08\/desahucios.jpg\" \/>\n\t<meta property=\"og:image:width\" content=\"968\" \/>\n\t<meta property=\"og:image:height\" content=\"931\" \/>\n\t<meta property=\"og:image:type\" content=\"image\/jpeg\" \/>\n<meta name=\"twitter:card\" content=\"summary_large_image\" \/>\n<script type=\"application\/ld+json\" class=\"yoast-schema-graph\">{\"@context\":\"https:\\\/\\\/schema.org\",\"@graph\":[{\"@type\":\"WebPage\",\"@id\":\"https:\\\/\\\/livum.es\\\/ca\\\/servei\\\/desnonaments\\\/\",\"url\":\"https:\\\/\\\/livum.es\\\/ca\\\/servei\\\/desnonaments\\\/\",\"name\":\"Desnonaments - Livum\",\"isPartOf\":{\"@id\":\"https:\\\/\\\/livum.es\\\/#website\"},\"primaryImageOfPage\":{\"@id\":\"https:\\\/\\\/livum.es\\\/ca\\\/servei\\\/desnonaments\\\/#primaryimage\"},\"image\":{\"@id\":\"https:\\\/\\\/livum.es\\\/ca\\\/servei\\\/desnonaments\\\/#primaryimage\"},\"thumbnailUrl\":\"https:\\\/\\\/livum.es\\\/wp-content\\\/uploads\\\/2021\\\/08\\\/servicios-consultoria.jpg\",\"datePublished\":\"2021-08-31T09:19:07+00:00\",\"dateModified\":\"2024-11-15T19:03:34+00:00\",\"description\":\"Si no saps qu\u00e8 fer per recuperar la possessi\u00f3 del teu immoble posa't a les nostres mans i t'ajudarem amb el desnonament.\",\"breadcrumb\":{\"@id\":\"https:\\\/\\\/livum.es\\\/ca\\\/servei\\\/desnonaments\\\/#breadcrumb\"},\"inLanguage\":\"ca\",\"potentialAction\":[{\"@type\":\"ReadAction\",\"target\":[\"https:\\\/\\\/livum.es\\\/ca\\\/servei\\\/desnonaments\\\/\"]}]},{\"@type\":\"ImageObject\",\"inLanguage\":\"ca\",\"@id\":\"https:\\\/\\\/livum.es\\\/ca\\\/servei\\\/desnonaments\\\/#primaryimage\",\"url\":\"https:\\\/\\\/livum.es\\\/wp-content\\\/uploads\\\/2021\\\/08\\\/servicios-consultoria.jpg\",\"contentUrl\":\"https:\\\/\\\/livum.es\\\/wp-content\\\/uploads\\\/2021\\\/08\\\/servicios-consultoria.jpg\",\"width\":1600,\"height\":1600},{\"@type\":\"BreadcrumbList\",\"@id\":\"https:\\\/\\\/livum.es\\\/ca\\\/servei\\\/desnonaments\\\/#breadcrumb\",\"itemListElement\":[{\"@type\":\"ListItem\",\"position\":1,\"name\":\"Portada\",\"item\":\"https:\\\/\\\/livum.es\\\/\"},{\"@type\":\"ListItem\",\"position\":2,\"name\":\"Botiga\",\"item\":\"https:\\\/\\\/livum.es\\\/ca\\\/botiga\\\/\"},{\"@type\":\"ListItem\",\"position\":3,\"name\":\"Desnonaments\"}]},{\"@type\":\"WebSite\",\"@id\":\"https:\\\/\\\/livum.es\\\/#website\",\"url\":\"https:\\\/\\\/livum.es\\\/\",\"name\":\"Livum\",\"description\":\"Tu inmobiliaria en Barcelona\",\"publisher\":{\"@id\":\"https:\\\/\\\/livum.es\\\/#organization\"},\"potentialAction\":[{\"@type\":\"SearchAction\",\"target\":{\"@type\":\"EntryPoint\",\"urlTemplate\":\"https:\\\/\\\/livum.es\\\/?s={search_term_string}\"},\"query-input\":{\"@type\":\"PropertyValueSpecification\",\"valueRequired\":true,\"valueName\":\"search_term_string\"}}],\"inLanguage\":\"ca\"},{\"@type\":\"Organization\",\"@id\":\"https:\\\/\\\/livum.es\\\/#organization\",\"name\":\"Livum\",\"url\":\"https:\\\/\\\/livum.es\\\/\",\"logo\":{\"@type\":\"ImageObject\",\"inLanguage\":\"ca\",\"@id\":\"https:\\\/\\\/livum.es\\\/#\\\/schema\\\/logo\\\/image\\\/\",\"url\":\"https:\\\/\\\/livum.es\\\/wp-content\\\/uploads\\\/2021\\\/03\\\/livum-real-state.jpg\",\"contentUrl\":\"https:\\\/\\\/livum.es\\\/wp-content\\\/uploads\\\/2021\\\/03\\\/livum-real-state.jpg\",\"width\":586,\"height\":142,\"caption\":\"Livum\"},\"image\":{\"@id\":\"https:\\\/\\\/livum.es\\\/#\\\/schema\\\/logo\\\/image\\\/\"}}]}<\/script>\n<!-- \/ Yoast SEO plugin. -->","yoast_head_json":{"title":"Desnonaments - Livum","description":"Si no saps qu\u00e8 fer per recuperar la possessi\u00f3 del teu immoble posa't a les nostres mans i t'ajudarem amb el desnonament.","robots":{"index":"noindex","follow":"follow","max-snippet":"max-snippet:-1","max-image-preview":"max-image-preview:large","max-video-preview":"max-video-preview:-1"},"og_locale":"ca_ES","og_type":"article","og_title":"Desnonaments - Livum","og_description":"Si no saps qu\u00e8 fer per recuperar la possessi\u00f3 del teu immoble posa't a les nostres mans i t'ajudarem amb el desnonament.","og_url":"https:\/\/livum.es\/ca\/servei\/desnonaments\/","og_site_name":"Livum","article_modified_time":"2024-11-15T19:03:34+00:00","og_image":[{"width":968,"height":931,"url":"https:\/\/livum.es\/wp-content\/uploads\/2021\/08\/desahucios.jpg","type":"image\/jpeg"}],"twitter_card":"summary_large_image","schema":{"@context":"https:\/\/schema.org","@graph":[{"@type":"WebPage","@id":"https:\/\/livum.es\/ca\/servei\/desnonaments\/","url":"https:\/\/livum.es\/ca\/servei\/desnonaments\/","name":"Desnonaments - Livum","isPartOf":{"@id":"https:\/\/livum.es\/#website"},"primaryImageOfPage":{"@id":"https:\/\/livum.es\/ca\/servei\/desnonaments\/#primaryimage"},"image":{"@id":"https:\/\/livum.es\/ca\/servei\/desnonaments\/#primaryimage"},"thumbnailUrl":"https:\/\/livum.es\/wp-content\/uploads\/2021\/08\/servicios-consultoria.jpg","datePublished":"2021-08-31T09:19:07+00:00","dateModified":"2024-11-15T19:03:34+00:00","description":"Si no saps qu\u00e8 fer per recuperar la possessi\u00f3 del teu immoble posa't a les nostres mans i t'ajudarem amb el desnonament.","breadcrumb":{"@id":"https:\/\/livum.es\/ca\/servei\/desnonaments\/#breadcrumb"},"inLanguage":"ca","potentialAction":[{"@type":"ReadAction","target":["https:\/\/livum.es\/ca\/servei\/desnonaments\/"]}]},{"@type":"ImageObject","inLanguage":"ca","@id":"https:\/\/livum.es\/ca\/servei\/desnonaments\/#primaryimage","url":"https:\/\/livum.es\/wp-content\/uploads\/2021\/08\/servicios-consultoria.jpg","contentUrl":"https:\/\/livum.es\/wp-content\/uploads\/2021\/08\/servicios-consultoria.jpg","width":1600,"height":1600},{"@type":"BreadcrumbList","@id":"https:\/\/livum.es\/ca\/servei\/desnonaments\/#breadcrumb","itemListElement":[{"@type":"ListItem","position":1,"name":"Portada","item":"https:\/\/livum.es\/"},{"@type":"ListItem","position":2,"name":"Botiga","item":"https:\/\/livum.es\/ca\/botiga\/"},{"@type":"ListItem","position":3,"name":"Desnonaments"}]},{"@type":"WebSite","@id":"https:\/\/livum.es\/#website","url":"https:\/\/livum.es\/","name":"Livum","description":"Tu inmobiliaria en Barcelona","publisher":{"@id":"https:\/\/livum.es\/#organization"},"potentialAction":[{"@type":"SearchAction","target":{"@type":"EntryPoint","urlTemplate":"https:\/\/livum.es\/?s={search_term_string}"},"query-input":{"@type":"PropertyValueSpecification","valueRequired":true,"valueName":"search_term_string"}}],"inLanguage":"ca"},{"@type":"Organization","@id":"https:\/\/livum.es\/#organization","name":"Livum","url":"https:\/\/livum.es\/","logo":{"@type":"ImageObject","inLanguage":"ca","@id":"https:\/\/livum.es\/#\/schema\/logo\/image\/","url":"https:\/\/livum.es\/wp-content\/uploads\/2021\/03\/livum-real-state.jpg","contentUrl":"https:\/\/livum.es\/wp-content\/uploads\/2021\/03\/livum-real-state.jpg","width":586,"height":142,"caption":"Livum"},"image":{"@id":"https:\/\/livum.es\/#\/schema\/logo\/image\/"}}]}},"_links":{"self":[{"href":"https:\/\/livum.es\/ca\/wp-json\/wp\/v2\/product\/3868","targetHints":{"allow":["GET"]}}],"collection":[{"href":"https:\/\/livum.es\/ca\/wp-json\/wp\/v2\/product"}],"about":[{"href":"https:\/\/livum.es\/ca\/wp-json\/wp\/v2\/types\/product"}],"version-history":[{"count":1,"href":"https:\/\/livum.es\/ca\/wp-json\/wp\/v2\/product\/3868\/revisions"}],"predecessor-version":[{"id":4096,"href":"https:\/\/livum.es\/ca\/wp-json\/wp\/v2\/product\/3868\/revisions\/4096"}],"wp:featuredmedia":[{"embeddable":true,"href":"https:\/\/livum.es\/ca\/wp-json\/wp\/v2\/media\/8768"}],"wp:attachment":[{"href":"https:\/\/livum.es\/ca\/wp-json\/wp\/v2\/media?parent=3868"}],"wp:term":[{"taxonomy":"product_brand","embeddable":true,"href":"https:\/\/livum.es\/ca\/wp-json\/wp\/v2\/product_brand?post=3868"},{"taxonomy":"product_cat","embeddable":true,"href":"https:\/\/livum.es\/ca\/wp-json\/wp\/v2\/product_cat?post=3868"},{"taxonomy":"product_tag","embeddable":true,"href":"https:\/\/livum.es\/ca\/wp-json\/wp\/v2\/product_tag?post=3868"}],"curies":[{"name":"wp","href":"https:\/\/api.w.org\/{rel}","templated":true}]}}