{"id":3875,"date":"2021-08-31T09:48:04","date_gmt":"2021-08-31T09:48:04","guid":{"rendered":"https:\/\/livum.es\/servicio\/taxacio-professional\/"},"modified":"2025-11-05T16:59:02","modified_gmt":"2025-11-05T15:59:02","slug":"taxacio-professional","status":"publish","type":"product","link":"https:\/\/livum.es\/ca\/servei\/taxacio-professional\/","title":{"rendered":"Taxaci\u00f3 professional"},"content":{"rendered":"","protected":false},"excerpt":{"rendered":"<p>La taxaci\u00f3 professional immobili\u00e0ria \u00e9s un informe que subscriu un t\u00e8cnic qualificat i que t\u00e9 com a objectiu establir justificadament el valor d&#8217;una propietat.<\/p>\n","protected":false},"featured_media":9273,"template":"","meta":[],"product_brand":[],"product_cat":[105],"product_tag":[114],"class_list":{"0":"post-3875","1":"product","2":"type-product","3":"status-publish","4":"has-post-thumbnail","6":"product_cat-sense-categoritzar","7":"product_tag-pagament","9":"first","10":"instock","11":"virtual","12":"taxable","13":"purchasable","14":"product-type-simple"},"yoast_head":"<!-- This site is optimized with the Yoast SEO plugin v27.4 - https:\/\/yoast.com\/product\/yoast-seo-wordpress\/ -->\n<title>Taxaci\u00f3 professional - Livum<\/title>\n<meta name=\"description\" content=\"La taxaci\u00f3 professional \u00e9s un informe que subscriu un t\u00e8cnic qualificat i que t\u00e9 com a objectiu establir el valor d&#039;una propietat.\" \/>\n<meta name=\"robots\" content=\"noindex, follow, max-snippet:-1, max-image-preview:large, max-video-preview:-1\" \/>\n<meta property=\"og:locale\" content=\"ca_ES\" \/>\n<meta property=\"og:type\" content=\"article\" \/>\n<meta property=\"og:title\" content=\"Taxaci\u00f3 professional - Livum\" \/>\n<meta property=\"og:description\" content=\"La taxaci\u00f3 professional \u00e9s un informe que subscriu un t\u00e8cnic qualificat i que t\u00e9 com a objectiu establir el valor d&#039;una propietat.\" \/>\n<meta property=\"og:url\" content=\"https:\/\/livum.es\/ca\/servei\/taxacio-professional\/\" \/>\n<meta property=\"og:site_name\" content=\"Livum\" \/>\n<meta property=\"article:modified_time\" content=\"2025-11-05T15:59:02+00:00\" \/>\n<meta property=\"og:image\" content=\"https:\/\/livum.es\/wp-content\/uploads\/2021\/08\/tasacion-profesional.jpg\" \/>\n\t<meta property=\"og:image:width\" content=\"968\" \/>\n\t<meta property=\"og:image:height\" content=\"931\" \/>\n\t<meta property=\"og:image:type\" content=\"image\/jpeg\" \/>\n<meta name=\"twitter:card\" content=\"summary_large_image\" \/>\n<script type=\"application\/ld+json\" class=\"yoast-schema-graph\">{\"@context\":\"https:\\\/\\\/schema.org\",\"@graph\":[{\"@type\":\"WebPage\",\"@id\":\"https:\\\/\\\/livum.es\\\/ca\\\/servei\\\/taxacio-professional\\\/\",\"url\":\"https:\\\/\\\/livum.es\\\/ca\\\/servei\\\/taxacio-professional\\\/\",\"name\":\"Taxaci\u00f3 professional - Livum\",\"isPartOf\":{\"@id\":\"https:\\\/\\\/livum.es\\\/#website\"},\"primaryImageOfPage\":{\"@id\":\"https:\\\/\\\/livum.es\\\/ca\\\/servei\\\/taxacio-professional\\\/#primaryimage\"},\"image\":{\"@id\":\"https:\\\/\\\/livum.es\\\/ca\\\/servei\\\/taxacio-professional\\\/#primaryimage\"},\"thumbnailUrl\":\"https:\\\/\\\/livum.es\\\/wp-content\\\/uploads\\\/2021\\\/08\\\/shutterstock_2626309453.jpg\",\"datePublished\":\"2021-08-31T09:48:04+00:00\",\"dateModified\":\"2025-11-05T15:59:02+00:00\",\"description\":\"La taxaci\u00f3 professional \u00e9s un informe que subscriu un t\u00e8cnic qualificat i que t\u00e9 com a objectiu establir el valor d'una propietat.\",\"breadcrumb\":{\"@id\":\"https:\\\/\\\/livum.es\\\/ca\\\/servei\\\/taxacio-professional\\\/#breadcrumb\"},\"inLanguage\":\"ca\",\"potentialAction\":[{\"@type\":\"ReadAction\",\"target\":[\"https:\\\/\\\/livum.es\\\/ca\\\/servei\\\/taxacio-professional\\\/\"]}]},{\"@type\":\"ImageObject\",\"inLanguage\":\"ca\",\"@id\":\"https:\\\/\\\/livum.es\\\/ca\\\/servei\\\/taxacio-professional\\\/#primaryimage\",\"url\":\"https:\\\/\\\/livum.es\\\/wp-content\\\/uploads\\\/2021\\\/08\\\/shutterstock_2626309453.jpg\",\"contentUrl\":\"https:\\\/\\\/livum.es\\\/wp-content\\\/uploads\\\/2021\\\/08\\\/shutterstock_2626309453.jpg\",\"width\":1600,\"height\":1600},{\"@type\":\"BreadcrumbList\",\"@id\":\"https:\\\/\\\/livum.es\\\/ca\\\/servei\\\/taxacio-professional\\\/#breadcrumb\",\"itemListElement\":[{\"@type\":\"ListItem\",\"position\":1,\"name\":\"Portada\",\"item\":\"https:\\\/\\\/livum.es\\\/\"},{\"@type\":\"ListItem\",\"position\":2,\"name\":\"Botiga\",\"item\":\"https:\\\/\\\/livum.es\\\/ca\\\/botiga\\\/\"},{\"@type\":\"ListItem\",\"position\":3,\"name\":\"Taxaci\u00f3 professional\"}]},{\"@type\":\"WebSite\",\"@id\":\"https:\\\/\\\/livum.es\\\/#website\",\"url\":\"https:\\\/\\\/livum.es\\\/\",\"name\":\"Livum\",\"description\":\"Tu inmobiliaria en Barcelona\",\"publisher\":{\"@id\":\"https:\\\/\\\/livum.es\\\/#organization\"},\"potentialAction\":[{\"@type\":\"SearchAction\",\"target\":{\"@type\":\"EntryPoint\",\"urlTemplate\":\"https:\\\/\\\/livum.es\\\/?s={search_term_string}\"},\"query-input\":{\"@type\":\"PropertyValueSpecification\",\"valueRequired\":true,\"valueName\":\"search_term_string\"}}],\"inLanguage\":\"ca\"},{\"@type\":\"Organization\",\"@id\":\"https:\\\/\\\/livum.es\\\/#organization\",\"name\":\"Livum\",\"url\":\"https:\\\/\\\/livum.es\\\/\",\"logo\":{\"@type\":\"ImageObject\",\"inLanguage\":\"ca\",\"@id\":\"https:\\\/\\\/livum.es\\\/#\\\/schema\\\/logo\\\/image\\\/\",\"url\":\"https:\\\/\\\/livum.es\\\/wp-content\\\/uploads\\\/2021\\\/03\\\/livum-real-state.jpg\",\"contentUrl\":\"https:\\\/\\\/livum.es\\\/wp-content\\\/uploads\\\/2021\\\/03\\\/livum-real-state.jpg\",\"width\":586,\"height\":142,\"caption\":\"Livum\"},\"image\":{\"@id\":\"https:\\\/\\\/livum.es\\\/#\\\/schema\\\/logo\\\/image\\\/\"}}]}<\/script>\n<!-- \/ Yoast SEO plugin. -->","yoast_head_json":{"title":"Taxaci\u00f3 professional - Livum","description":"La taxaci\u00f3 professional \u00e9s un informe que subscriu un t\u00e8cnic qualificat i que t\u00e9 com a objectiu establir el valor d'una propietat.","robots":{"index":"noindex","follow":"follow","max-snippet":"max-snippet:-1","max-image-preview":"max-image-preview:large","max-video-preview":"max-video-preview:-1"},"og_locale":"ca_ES","og_type":"article","og_title":"Taxaci\u00f3 professional - Livum","og_description":"La taxaci\u00f3 professional \u00e9s un informe que subscriu un t\u00e8cnic qualificat i que t\u00e9 com a objectiu establir el valor d'una propietat.","og_url":"https:\/\/livum.es\/ca\/servei\/taxacio-professional\/","og_site_name":"Livum","article_modified_time":"2025-11-05T15:59:02+00:00","og_image":[{"width":968,"height":931,"url":"https:\/\/livum.es\/wp-content\/uploads\/2021\/08\/tasacion-profesional.jpg","type":"image\/jpeg"}],"twitter_card":"summary_large_image","schema":{"@context":"https:\/\/schema.org","@graph":[{"@type":"WebPage","@id":"https:\/\/livum.es\/ca\/servei\/taxacio-professional\/","url":"https:\/\/livum.es\/ca\/servei\/taxacio-professional\/","name":"Taxaci\u00f3 professional - Livum","isPartOf":{"@id":"https:\/\/livum.es\/#website"},"primaryImageOfPage":{"@id":"https:\/\/livum.es\/ca\/servei\/taxacio-professional\/#primaryimage"},"image":{"@id":"https:\/\/livum.es\/ca\/servei\/taxacio-professional\/#primaryimage"},"thumbnailUrl":"https:\/\/livum.es\/wp-content\/uploads\/2021\/08\/shutterstock_2626309453.jpg","datePublished":"2021-08-31T09:48:04+00:00","dateModified":"2025-11-05T15:59:02+00:00","description":"La taxaci\u00f3 professional \u00e9s un informe que subscriu un t\u00e8cnic qualificat i que t\u00e9 com a objectiu establir el valor d'una propietat.","breadcrumb":{"@id":"https:\/\/livum.es\/ca\/servei\/taxacio-professional\/#breadcrumb"},"inLanguage":"ca","potentialAction":[{"@type":"ReadAction","target":["https:\/\/livum.es\/ca\/servei\/taxacio-professional\/"]}]},{"@type":"ImageObject","inLanguage":"ca","@id":"https:\/\/livum.es\/ca\/servei\/taxacio-professional\/#primaryimage","url":"https:\/\/livum.es\/wp-content\/uploads\/2021\/08\/shutterstock_2626309453.jpg","contentUrl":"https:\/\/livum.es\/wp-content\/uploads\/2021\/08\/shutterstock_2626309453.jpg","width":1600,"height":1600},{"@type":"BreadcrumbList","@id":"https:\/\/livum.es\/ca\/servei\/taxacio-professional\/#breadcrumb","itemListElement":[{"@type":"ListItem","position":1,"name":"Portada","item":"https:\/\/livum.es\/"},{"@type":"ListItem","position":2,"name":"Botiga","item":"https:\/\/livum.es\/ca\/botiga\/"},{"@type":"ListItem","position":3,"name":"Taxaci\u00f3 professional"}]},{"@type":"WebSite","@id":"https:\/\/livum.es\/#website","url":"https:\/\/livum.es\/","name":"Livum","description":"Tu inmobiliaria en Barcelona","publisher":{"@id":"https:\/\/livum.es\/#organization"},"potentialAction":[{"@type":"SearchAction","target":{"@type":"EntryPoint","urlTemplate":"https:\/\/livum.es\/?s={search_term_string}"},"query-input":{"@type":"PropertyValueSpecification","valueRequired":true,"valueName":"search_term_string"}}],"inLanguage":"ca"},{"@type":"Organization","@id":"https:\/\/livum.es\/#organization","name":"Livum","url":"https:\/\/livum.es\/","logo":{"@type":"ImageObject","inLanguage":"ca","@id":"https:\/\/livum.es\/#\/schema\/logo\/image\/","url":"https:\/\/livum.es\/wp-content\/uploads\/2021\/03\/livum-real-state.jpg","contentUrl":"https:\/\/livum.es\/wp-content\/uploads\/2021\/03\/livum-real-state.jpg","width":586,"height":142,"caption":"Livum"},"image":{"@id":"https:\/\/livum.es\/#\/schema\/logo\/image\/"}}]}},"_links":{"self":[{"href":"https:\/\/livum.es\/ca\/wp-json\/wp\/v2\/product\/3875","targetHints":{"allow":["GET"]}}],"collection":[{"href":"https:\/\/livum.es\/ca\/wp-json\/wp\/v2\/product"}],"about":[{"href":"https:\/\/livum.es\/ca\/wp-json\/wp\/v2\/types\/product"}],"version-history":[{"count":1,"href":"https:\/\/livum.es\/ca\/wp-json\/wp\/v2\/product\/3875\/revisions"}],"predecessor-version":[{"id":4084,"href":"https:\/\/livum.es\/ca\/wp-json\/wp\/v2\/product\/3875\/revisions\/4084"}],"wp:featuredmedia":[{"embeddable":true,"href":"https:\/\/livum.es\/ca\/wp-json\/wp\/v2\/media\/9273"}],"wp:attachment":[{"href":"https:\/\/livum.es\/ca\/wp-json\/wp\/v2\/media?parent=3875"}],"wp:term":[{"taxonomy":"product_brand","embeddable":true,"href":"https:\/\/livum.es\/ca\/wp-json\/wp\/v2\/product_brand?post=3875"},{"taxonomy":"product_cat","embeddable":true,"href":"https:\/\/livum.es\/ca\/wp-json\/wp\/v2\/product_cat?post=3875"},{"taxonomy":"product_tag","embeddable":true,"href":"https:\/\/livum.es\/ca\/wp-json\/wp\/v2\/product_tag?post=3875"}],"curies":[{"name":"wp","href":"https:\/\/api.w.org\/{rel}","templated":true}]}}